{"id":204,"date":"2023-10-17T08:19:28","date_gmt":"2023-10-17T12:19:28","guid":{"rendered":"https:\/\/ptmt.com.br\/?page_id=204"},"modified":"2023-10-17T08:20:48","modified_gmt":"2023-10-17T12:20:48","slug":"diretorios-municipais","status":"publish","type":"page","link":"https:\/\/ptmt.com.br\/?page_id=204","title":{"rendered":"Diret\u00f3rios Municipais"},"content":{"rendered":"<p>P\u00e1gina em constru\u00e7ao!<\/p>\n","protected":false},"excerpt":{"rendered":"<p>P\u00e1gina em constru\u00e7ao!<\/p>\n","protected":false},"author":1,"featured_media":0,"parent":0,"menu_order":0,"comment_status":"closed","ping_status":"closed","template":"","meta":{"footnotes":""},"_links":{"self":[{"href":"https:\/\/ptmt.com.br\/index.php?rest_route=\/wp\/v2\/pages\/204"}],"collection":[{"href":"https:\/\/ptmt.com.br\/index.php?rest_route=\/wp\/v2\/pages"}],"about":[{"href":"https:\/\/ptmt.com.br\/index.php?rest_route=\/wp\/v2\/types\/page"}],"author":[{"embeddable":true,"href":"https:\/\/ptmt.com.br\/index.php?rest_route=\/wp\/v2\/users\/1"}],"replies":[{"embeddable":true,"href":"https:\/\/ptmt.com.br\/index.php?rest_route=%2Fwp%2Fv2%2Fcomments&post=204"}],"version-history":[{"count":0,"href":"https:\/\/ptmt.com.br\/index.php?rest_route=\/wp\/v2\/pages\/204\/revisions"}],"wp:attachment":[{"href":"https:\/\/ptmt.com.br\/index.php?rest_route=%2Fwp%2Fv2%2Fmedia&parent=204"}],"curies":[{"name":"wp","href":"https:\/\/api.w.org\/{rel}","templated":true}]}}