{"id":24,"date":"2023-10-14T13:29:23","date_gmt":"2023-10-14T17:29:23","guid":{"rendered":"https:\/\/ptmt.com.br\/?page_id=24"},"modified":"2025-09-18T17:33:30","modified_gmt":"2025-09-18T21:33:30","slug":"executiva","status":"publish","type":"page","link":"https:\/\/ptmt.com.br\/?page_id=24","title":{"rendered":"Executiva"},"content":{"rendered":"<p><img loading=\"lazy\" decoding=\"async\" class=\"alignnone size-medium wp-image-4049\" src=\"https:\/\/ptmt.com.br\/wp-content\/uploads\/2025\/09\/WhatsApp-Image-2025-09-18-at-12.12.08-293x300.jpeg\" alt=\"\" width=\"293\" height=\"300\" srcset=\"https:\/\/ptmt.com.br\/wp-content\/uploads\/2025\/09\/WhatsApp-Image-2025-09-18-at-12.12.08-293x300.jpeg 293w, https:\/\/ptmt.com.br\/wp-content\/uploads\/2025\/09\/WhatsApp-Image-2025-09-18-at-12.12.08.jpeg 442w\" sizes=\"(max-width: 293px) 100vw, 293px\" \/><\/p>\n<p><strong><em>ALTIR ANT\u00d4NIO PERUZZO<\/em><\/strong>\u00a0&#8211; PRESIDENTE<\/p>\n<p>&nbsp;<\/p>\n<p><img loading=\"lazy\" decoding=\"async\" class=\"alignnone size-medium wp-image-4051\" src=\"https:\/\/ptmt.com.br\/wp-content\/uploads\/2025\/09\/WhatsApp-Image-2025-09-18-at-12.17.10-300x217.jpeg\" alt=\"\" width=\"300\" height=\"217\" srcset=\"https:\/\/ptmt.com.br\/wp-content\/uploads\/2025\/09\/WhatsApp-Image-2025-09-18-at-12.17.10-300x217.jpeg 300w, https:\/\/ptmt.com.br\/wp-content\/uploads\/2025\/09\/WhatsApp-Image-2025-09-18-at-12.17.10-1024x740.jpeg 1024w, https:\/\/ptmt.com.br\/wp-content\/uploads\/2025\/09\/WhatsApp-Image-2025-09-18-at-12.17.10-768x555.jpeg 768w, https:\/\/ptmt.com.br\/wp-content\/uploads\/2025\/09\/WhatsApp-Image-2025-09-18-at-12.17.10.jpeg 1104w\" sizes=\"(max-width: 300px) 100vw, 300px\" \/><\/p>\n<p><em><strong>EDNA LUZIA ALMEIDA SAMPAIO-<\/strong><\/em> 2\u00aa VICE-PRESIDENTA<\/p>\n<p><img loading=\"lazy\" decoding=\"async\" class=\"alignnone size-medium wp-image-308\" src=\"https:\/\/ptmt.com.br\/wp-content\/uploads\/2023\/10\/WhatsApp-Image-2023-10-17-at-22.28.36-300x300.jpeg\" alt=\"\" width=\"300\" height=\"300\" srcset=\"https:\/\/ptmt.com.br\/wp-content\/uploads\/2023\/10\/WhatsApp-Image-2023-10-17-at-22.28.36-300x300.jpeg 300w, https:\/\/ptmt.com.br\/wp-content\/uploads\/2023\/10\/WhatsApp-Image-2023-10-17-at-22.28.36-1024x1024.jpeg 1024w, https:\/\/ptmt.com.br\/wp-content\/uploads\/2023\/10\/WhatsApp-Image-2023-10-17-at-22.28.36-150x150.jpeg 150w, https:\/\/ptmt.com.br\/wp-content\/uploads\/2023\/10\/WhatsApp-Image-2023-10-17-at-22.28.36-768x768.jpeg 768w, https:\/\/ptmt.com.br\/wp-content\/uploads\/2023\/10\/WhatsApp-Image-2023-10-17-at-22.28.36.jpeg 1242w\" sizes=\"(max-width: 300px) 100vw, 300px\" \/><\/p>\n<p><em><strong>NELSON LUIS BORGES DE BARROS\u00a0 &#8211;<\/strong><\/em> SECRET\u00c1RIO GERAL<\/p>\n<p>&nbsp;<\/p>\n<p><img loading=\"lazy\" decoding=\"async\" class=\"alignnone size-medium wp-image-187\" src=\"https:\/\/ptmt.com.br\/wp-content\/uploads\/2023\/10\/file-300x300.jpeg\" alt=\"\" width=\"300\" height=\"300\" srcset=\"https:\/\/ptmt.com.br\/wp-content\/uploads\/2023\/10\/file-300x300.jpeg 300w, https:\/\/ptmt.com.br\/wp-content\/uploads\/2023\/10\/file-150x150.jpeg 150w, https:\/\/ptmt.com.br\/wp-content\/uploads\/2023\/10\/file.jpeg 640w\" sizes=\"(max-width: 300px) 100vw, 300px\" \/><\/p>\n<p><strong><em>EDILSON PEDRO SPENTHOF<\/em> <\/strong>\u00a0&#8211; SECRET\u00c1RIO DE FINAN\u00c7AS E PLANEJAMENTO<\/p>\n<p>&nbsp;<\/p>\n<p><img loading=\"lazy\" decoding=\"async\" class=\"alignnone wp-image-4056\" src=\"https:\/\/ptmt.com.br\/wp-content\/uploads\/2025\/09\/WhatsApp-Image-2025-09-18-at-13.29.301.jpeg\" alt=\"\" width=\"309\" height=\"309\" srcset=\"https:\/\/ptmt.com.br\/wp-content\/uploads\/2025\/09\/WhatsApp-Image-2025-09-18-at-13.29.301.jpeg 224w, https:\/\/ptmt.com.br\/wp-content\/uploads\/2025\/09\/WhatsApp-Image-2025-09-18-at-13.29.301-150x150.jpeg 150w\" sizes=\"(max-width: 309px) 100vw, 309px\" \/><\/p>\n<p><strong><em>WENDELL DE SOUZA GIROTTO\u00a0 \u00a0 <\/em><\/strong>&#8211; SECRET\u00c1RIO DE FORMA\u00c7\u00c3O POL\u00cdTICA<\/p>\n<p><img loading=\"lazy\" decoding=\"async\" class=\"alignnone size-medium wp-image-4054\" src=\"https:\/\/ptmt.com.br\/wp-content\/uploads\/2025\/09\/WhatsApp-Image-2025-09-18-at-12.33.141-258x300.jpeg\" alt=\"\" width=\"258\" height=\"300\" srcset=\"https:\/\/ptmt.com.br\/wp-content\/uploads\/2025\/09\/WhatsApp-Image-2025-09-18-at-12.33.141-258x300.jpeg 258w, https:\/\/ptmt.com.br\/wp-content\/uploads\/2025\/09\/WhatsApp-Image-2025-09-18-at-12.33.141-881x1024.jpeg 881w, https:\/\/ptmt.com.br\/wp-content\/uploads\/2025\/09\/WhatsApp-Image-2025-09-18-at-12.33.141-768x893.jpeg 768w, https:\/\/ptmt.com.br\/wp-content\/uploads\/2025\/09\/WhatsApp-Image-2025-09-18-at-12.33.141.jpeg 1290w\" sizes=\"(max-width: 258px) 100vw, 258px\" \/><\/p>\n<p><em><strong>SILBENE SANTANA DE OLIVEIRA <\/strong>\u00a0<\/em>&#8211; SECRET\u00c1RIA DE ORGANIZA\u00c7\u00c3O<\/p>\n<p>&nbsp;<\/p>\n<p><img loading=\"lazy\" decoding=\"async\" class=\"alignnone size-medium wp-image-4059\" src=\"https:\/\/ptmt.com.br\/wp-content\/uploads\/2025\/09\/WhatsApp-Image-2025-09-18-at-15.11.26-248x300.jpeg\" alt=\"\" width=\"248\" height=\"300\" srcset=\"https:\/\/ptmt.com.br\/wp-content\/uploads\/2025\/09\/WhatsApp-Image-2025-09-18-at-15.11.26-248x300.jpeg 248w, https:\/\/ptmt.com.br\/wp-content\/uploads\/2025\/09\/WhatsApp-Image-2025-09-18-at-15.11.26-846x1024.jpeg 846w, https:\/\/ptmt.com.br\/wp-content\/uploads\/2025\/09\/WhatsApp-Image-2025-09-18-at-15.11.26-768x929.jpeg 768w, https:\/\/ptmt.com.br\/wp-content\/uploads\/2025\/09\/WhatsApp-Image-2025-09-18-at-15.11.26.jpeg 1058w\" sizes=\"(max-width: 248px) 100vw, 248px\" \/><\/p>\n<p><em><strong>DEJANY\u00a0 CRISTINA PEREIRA SCHRADER &#8211;<\/strong><\/em> SECRET\u00c1RIA DE ASSUNTOS INSTITUCIONAIS<\/p>\n<p>&nbsp;<\/p>\n<p><img loading=\"lazy\" decoding=\"async\" class=\"alignnone size-medium wp-image-4063\" src=\"https:\/\/ptmt.com.br\/wp-content\/uploads\/2025\/09\/WhatsApp-Image-2025-09-18-at-15.34.35-300x271.jpeg\" alt=\"\" width=\"300\" height=\"271\" srcset=\"https:\/\/ptmt.com.br\/wp-content\/uploads\/2025\/09\/WhatsApp-Image-2025-09-18-at-15.34.35-300x271.jpeg 300w, https:\/\/ptmt.com.br\/wp-content\/uploads\/2025\/09\/WhatsApp-Image-2025-09-18-at-15.34.35-768x693.jpeg 768w, https:\/\/ptmt.com.br\/wp-content\/uploads\/2025\/09\/WhatsApp-Image-2025-09-18-at-15.34.35.jpeg 912w\" sizes=\"(max-width: 300px) 100vw, 300px\" \/><\/p>\n<p><em><strong>THIAGO OLIVEIRA RODRIGUES<\/strong><\/em>&#8211; SECRET\u00c1RIO DE MOVIMENTOS POPULARES<\/p>\n<p><img loading=\"lazy\" decoding=\"async\" class=\"alignnone size-medium wp-image-4060\" src=\"https:\/\/ptmt.com.br\/wp-content\/uploads\/2025\/09\/WhatsApp-Image-2025-09-18-at-15.17.19-300x296.jpeg\" alt=\"\" width=\"300\" height=\"296\" srcset=\"https:\/\/ptmt.com.br\/wp-content\/uploads\/2025\/09\/WhatsApp-Image-2025-09-18-at-15.17.19-300x296.jpeg 300w, https:\/\/ptmt.com.br\/wp-content\/uploads\/2025\/09\/WhatsApp-Image-2025-09-18-at-15.17.19-768x758.jpeg 768w, https:\/\/ptmt.com.br\/wp-content\/uploads\/2025\/09\/WhatsApp-Image-2025-09-18-at-15.17.19.jpeg 1024w\" sizes=\"(max-width: 300px) 100vw, 300px\" \/><\/p>\n<p><em><strong>ELEN CAROLINA MARTINS<\/strong><\/em>\u00a0&#8211; SECRET\u00c1RIO DE COMUNICA\u00c7\u00c3O<\/p>\n<p><img loading=\"lazy\" decoding=\"async\" class=\"alignnone size-medium wp-image-311\" src=\"https:\/\/ptmt.com.br\/wp-content\/uploads\/2023\/10\/WhatsApp-Image-2023-10-17-at-22.34.14-209x300.jpeg\" alt=\"\" width=\"209\" height=\"300\" srcset=\"https:\/\/ptmt.com.br\/wp-content\/uploads\/2023\/10\/WhatsApp-Image-2023-10-17-at-22.34.14-209x300.jpeg 209w, https:\/\/ptmt.com.br\/wp-content\/uploads\/2023\/10\/WhatsApp-Image-2023-10-17-at-22.34.14.jpeg 712w\" sizes=\"(max-width: 209px) 100vw, 209px\" \/><\/p>\n<p><strong><em>GIRLENE APARECIDA RAMOS <\/em><\/strong><em><strong>&#8211;<\/strong><\/em> VOGAL<\/p>\n<p><img loading=\"lazy\" decoding=\"async\" class=\"alignnone size-medium wp-image-4062\" src=\"https:\/\/ptmt.com.br\/wp-content\/uploads\/2025\/09\/WhatsApp-Image-2025-09-18-at-15.28.55-289x300.jpeg\" alt=\"\" width=\"289\" height=\"300\" srcset=\"https:\/\/ptmt.com.br\/wp-content\/uploads\/2025\/09\/WhatsApp-Image-2025-09-18-at-15.28.55-289x300.jpeg 289w, https:\/\/ptmt.com.br\/wp-content\/uploads\/2025\/09\/WhatsApp-Image-2025-09-18-at-15.28.55-988x1024.jpeg 988w, https:\/\/ptmt.com.br\/wp-content\/uploads\/2025\/09\/WhatsApp-Image-2025-09-18-at-15.28.55-768x796.jpeg 768w, https:\/\/ptmt.com.br\/wp-content\/uploads\/2025\/09\/WhatsApp-Image-2025-09-18-at-15.28.55.jpeg 1235w\" sizes=\"(max-width: 289px) 100vw, 289px\" \/><\/p>\n<p><strong>DENILSON D&#8217;ARC SILVA DE OLIVEIRA<\/strong> &#8211; VOGAL<\/p>\n<p><img loading=\"lazy\" decoding=\"async\" class=\"alignnone size-medium wp-image-4061\" src=\"https:\/\/ptmt.com.br\/wp-content\/uploads\/2025\/09\/WhatsApp-Image-2025-09-18-at-15.22.01-300x300.jpeg\" alt=\"\" width=\"300\" height=\"300\" srcset=\"https:\/\/ptmt.com.br\/wp-content\/uploads\/2025\/09\/WhatsApp-Image-2025-09-18-at-15.22.01-300x300.jpeg 300w, https:\/\/ptmt.com.br\/wp-content\/uploads\/2025\/09\/WhatsApp-Image-2025-09-18-at-15.22.01-150x150.jpeg 150w, https:\/\/ptmt.com.br\/wp-content\/uploads\/2025\/09\/WhatsApp-Image-2025-09-18-at-15.22.01.jpeg 447w\" sizes=\"(max-width: 300px) 100vw, 300px\" \/><\/p>\n<p><em><strong>LEONARDO RONDON DE SOUZA<\/strong><\/em> &#8211; VOGAL<\/p>\n<p><img loading=\"lazy\" decoding=\"async\" class=\"alignnone size-medium wp-image-322\" src=\"https:\/\/ptmt.com.br\/wp-content\/uploads\/2023\/10\/WhatsApp-Image-2023-10-17-at-22.57.27-300x216.jpeg\" alt=\"\" width=\"300\" height=\"216\" srcset=\"https:\/\/ptmt.com.br\/wp-content\/uploads\/2023\/10\/WhatsApp-Image-2023-10-17-at-22.57.27-300x216.jpeg 300w, https:\/\/ptmt.com.br\/wp-content\/uploads\/2023\/10\/WhatsApp-Image-2023-10-17-at-22.57.27-768x554.jpeg 768w, https:\/\/ptmt.com.br\/wp-content\/uploads\/2023\/10\/WhatsApp-Image-2023-10-17-at-22.57.27.jpeg 1024w\" sizes=\"(max-width: 300px) 100vw, 300px\" \/><\/p>\n<p><strong><em>DOMINGOS S\u00c1VIO DA CUNHA GARCIA <\/em><\/strong>&#8211; VOGAL<\/p>\n<p><img loading=\"lazy\" decoding=\"async\" class=\"alignnone size-medium wp-image-4070\" src=\"https:\/\/ptmt.com.br\/wp-content\/uploads\/2025\/09\/WhatsApp-Image-2025-09-18-at-18.19.53-e1758230469483-257x300.jpeg\" alt=\"\" width=\"257\" height=\"300\" srcset=\"https:\/\/ptmt.com.br\/wp-content\/uploads\/2025\/09\/WhatsApp-Image-2025-09-18-at-18.19.53-e1758230469483-257x300.jpeg 257w, https:\/\/ptmt.com.br\/wp-content\/uploads\/2025\/09\/WhatsApp-Image-2025-09-18-at-18.19.53-e1758230469483-876x1024.jpeg 876w, https:\/\/ptmt.com.br\/wp-content\/uploads\/2025\/09\/WhatsApp-Image-2025-09-18-at-18.19.53-e1758230469483-768x898.jpeg 768w, https:\/\/ptmt.com.br\/wp-content\/uploads\/2025\/09\/WhatsApp-Image-2025-09-18-at-18.19.53-e1758230469483.jpeg 1088w\" sizes=\"(max-width: 257px) 100vw, 257px\" \/><\/p>\n<p><strong><em>EDI CARLOS DA SILVA LEITE &#8211;<\/em><\/strong> VOGAL<\/p>\n","protected":false},"excerpt":{"rendered":"<p>ALTIR ANT\u00d4NIO PERUZZO\u00a0&#8211; PRESIDENTE &nbsp; EDNA LUZIA ALMEIDA SAMPAIO- 2\u00aa VICE-PRESIDENTA NELSON LUIS BORGES DE BARROS\u00a0 &#8211; SECRET\u00c1RIO GERAL &nbsp; EDILSON PEDRO SPENTHOF \u00a0&#8211; SECRET\u00c1RIO DE FINAN\u00c7AS E PLANEJAMENTO &nbsp; [&hellip;]<\/p>\n","protected":false},"author":1,"featured_media":0,"parent":0,"menu_order":0,"comment_status":"closed","ping_status":"closed","template":"","meta":{"footnotes":""},"_links":{"self":[{"href":"https:\/\/ptmt.com.br\/index.php?rest_route=\/wp\/v2\/pages\/24"}],"collection":[{"href":"https:\/\/ptmt.com.br\/index.php?rest_route=\/wp\/v2\/pages"}],"about":[{"href":"https:\/\/ptmt.com.br\/index.php?rest_route=\/wp\/v2\/types\/page"}],"author":[{"embeddable":true,"href":"https:\/\/ptmt.com.br\/index.php?rest_route=\/wp\/v2\/users\/1"}],"replies":[{"embeddable":true,"href":"https:\/\/ptmt.com.br\/index.php?rest_route=%2Fwp%2Fv2%2Fcomments&post=24"}],"version-history":[{"count":12,"href":"https:\/\/ptmt.com.br\/index.php?rest_route=\/wp\/v2\/pages\/24\/revisions"}],"predecessor-version":[{"id":4071,"href":"https:\/\/ptmt.com.br\/index.php?rest_route=\/wp\/v2\/pages\/24\/revisions\/4071"}],"wp:attachment":[{"href":"https:\/\/ptmt.com.br\/index.php?rest_route=%2Fwp%2Fv2%2Fmedia&parent=24"}],"curies":[{"name":"wp","href":"https:\/\/api.w.org\/{rel}","templated":true}]}}